{"id":141,"date":"2014-10-13T14:00:51","date_gmt":"2014-10-13T12:00:51","guid":{"rendered":"http:\/\/freisign.net\/wordpress\/?page_id=141"},"modified":"2014-10-14T15:58:52","modified_gmt":"2014-10-14T13:58:52","slug":"freie-entscheidung","status":"publish","type":"page","link":"https:\/\/www.freisign.net\/?page_id=141","title":{"rendered":"FREIE.ENTSCHEIDUNG"},"content":{"rendered":"<div id=\"pu1585-17\" class=\"clearfix\">\n<div id=\"u1585-17\" class=\"clearfix grpelem\">\n<h2 id=\"u1585-2\"><strong>FREI.SIGN denkt nachhaltig!<\/strong><\/h2>\n<hr \/>\n<p id=\"u1585-5\">Nachhaltiges Grafikdesign klingt eigentlich nach einem Widerspruch in sich, denn schlie\u00dflich gestalten Grafikdesigner Produkte, f\u00fcr die tonnenweise Papier bedruckt wird. Dem nachhaltigen Umgang mit den nat\u00fcrlichen Ressourcen, mit der Umwelt und mit den Menschen, die noch \u00fcber Generationen in dieser Welt leben sollen, muss deshalb auch Design gerecht werden. Aus diesem Grund lege ich gro\u00dfen Wert auf die Produktion \u00bbgr\u00fcner\u00ab Printprodukte, die keinesfalls grau aussehen m\u00fcssen.<\/p>\n<p id=\"u1585-7\">Im Bereich der Print-Werbung bedeutet Nachhaltigkeit die optimale Beratung des Kunden, der Einsatz von Materialien aus umweltfreundlichen Papieren und Druckfarben, sowie die Auftragsvergabe an ressourcenschonend produzierende Druckereien.<\/p>\n<p id=\"u1585-10\"><strong>Ihr Vorteil: \u00d6kologisches Engagement spricht sich rum!<\/strong><\/p>\n<p id=\"u1585-13\">Durch das Abbilden des FSC-Siegels (nachhaltige Waldwirtschaft) auf Ihrer Print-Werbung kommunizieren Sie, dass Sie sich f\u00fcr die Umwelt einsetzen.<\/p>\n<p id=\"u1585-15\">Die Auswahl an hochwertigen Umweltpapieren ist inzwischen bei vielen Druckereien sehr gut.<\/p>\n<\/div>\n<\/div>\n","protected":false},"excerpt":{"rendered":"<p>FREI.SIGN denkt nachhaltig! Nachhaltiges Grafikdesign klingt eigentlich nach einem Widerspruch in sich, denn schlie\u00dflich gestalten Grafikdesigner Produkte, f\u00fcr die tonnenweise Papier bedruckt wird. Dem nachhaltigen Umgang mit den nat\u00fcrlichen Ressourcen, mit der Umwelt und mit den Menschen, die noch \u00fcber Generationen in dieser Welt leben sollen, muss deshalb auch Design gerecht werden. Aus diesem Grund [&hellip;]<\/p>\n","protected":false},"author":1,"featured_media":0,"parent":0,"menu_order":0,"comment_status":"closed","ping_status":"closed","template":"page-full-width.php","meta":[],"_links":{"self":[{"href":"https:\/\/www.freisign.net\/index.php?rest_route=\/wp\/v2\/pages\/141"}],"collection":[{"href":"https:\/\/www.freisign.net\/index.php?rest_route=\/wp\/v2\/pages"}],"about":[{"href":"https:\/\/www.freisign.net\/index.php?rest_route=\/wp\/v2\/types\/page"}],"author":[{"embeddable":true,"href":"https:\/\/www.freisign.net\/index.php?rest_route=\/wp\/v2\/users\/1"}],"replies":[{"embeddable":true,"href":"https:\/\/www.freisign.net\/index.php?rest_route=%2Fwp%2Fv2%2Fcomments&post=141"}],"version-history":[{"count":5,"href":"https:\/\/www.freisign.net\/index.php?rest_route=\/wp\/v2\/pages\/141\/revisions"}],"predecessor-version":[{"id":218,"href":"https:\/\/www.freisign.net\/index.php?rest_route=\/wp\/v2\/pages\/141\/revisions\/218"}],"wp:attachment":[{"href":"https:\/\/www.freisign.net\/index.php?rest_route=%2Fwp%2Fv2%2Fmedia&parent=141"}],"curies":[{"name":"wp","href":"https:\/\/api.w.org\/{rel}","templated":true}]}}